{"id":863,"date":"2024-11-29T11:19:14","date_gmt":"2024-11-29T10:19:14","guid":{"rendered":"https:\/\/chantilly.intercontinental.com\/?page_id=863"},"modified":"2025-03-13T14:23:17","modified_gmt":"2025-03-13T13:23:17","slug":"the-suites","status":"publish","type":"page","link":"https:\/\/chantilly.intercontinental.com\/en\/the-suites\/","title":{"rendered":"The Suites"},"content":{"rendered":"\r\n\r\n\r\n\r\n  <!-- Swiper hero -->\r\n  <div id=\"slideshow-block_60bd5b35152cd59345921e9d99c781e4\" class=\"row \">  \r\n    <div class=\"swiper d-swiper-container hero\" data-swiper={\"autoplay\":true,\"effect\":\"fade\",\"fadeEffect\":{\"crossFade\":true},\"speed\":1000}>\r\n      <div class=\"swiper-wrapper\">\r\n                    <div class=\"swiper-slide\">\r\n                              <span aria-hidden=\"true\" class=\"slide-e-background has-background-dim-30  has-background has-charcoal-grey-background-color\"><\/span>\r\n                                            <img decoding=\"async\" src=\"https:\/\/chantilly.intercontinental.com\/wp-content\/uploads\/sites\/8\/2024\/12\/InterContinental-Chantilly-21-Suite-Royale.jpg\"\r\n                sizes=\"(max-width: 2000px) 100vw, 2000px\"\r\n                srcset=\"https:\/\/chantilly.intercontinental.com\/wp-content\/uploads\/sites\/8\/2024\/12\/InterContinental-Chantilly-21-Suite-Royale.jpg 2000w,\r\n                        https:\/\/chantilly.intercontinental.com\/wp-content\/uploads\/sites\/8\/2024\/12\/InterContinental-Chantilly-21-Suite-Royale-1024x682.jpg 1024w,\r\n                        https:\/\/chantilly.intercontinental.com\/wp-content\/uploads\/sites\/8\/2024\/12\/InterContinental-Chantilly-21-Suite-Royale-768x511.jpg 768w\"\r\n                        alt=\"Suite prestigieuse de 99 m\u00b2 alliant \u00e9l\u00e9gance belle \u00e9poque et confort moderne\"\/>\r\n                                            <div class=\"slide-e-content d-none d-md-block\">\r\n                                      <h1 class=\"title\">The Suites<\/h1>\r\n                                                        <h5 class=\"text-center white\">InterContinental Chantilly Ch\u00e2teau Mont Royal<\/h5>\r\n                                                    <\/div>\r\n                          <\/div>\r\n                      <div class=\"swiper-slide\">\r\n                              <span aria-hidden=\"true\" class=\"slide-e-background has-background-dim-30  has-background has-charcoal-grey-background-color\"><\/span>\r\n                                            <img decoding=\"async\" src=\"https:\/\/chantilly.intercontinental.com\/wp-content\/uploads\/sites\/8\/2024\/12\/InterContinental-Chantilly-22-Suite-Royale.jpg\"\r\n                sizes=\"(max-width: 2000px) 100vw, 2000px\"\r\n                srcset=\"https:\/\/chantilly.intercontinental.com\/wp-content\/uploads\/sites\/8\/2024\/12\/InterContinental-Chantilly-22-Suite-Royale.jpg 2050w,\r\n                        https:\/\/chantilly.intercontinental.com\/wp-content\/uploads\/sites\/8\/2024\/12\/InterContinental-Chantilly-22-Suite-Royale-1024x681.jpg 1024w,\r\n                        https:\/\/chantilly.intercontinental.com\/wp-content\/uploads\/sites\/8\/2024\/12\/InterContinental-Chantilly-22-Suite-Royale-768x511.jpg 768w\"\r\n                        alt=\"Chambre somptueuse, orn\u00e9e de tissus pr\u00e9cieux et d\u2019un lit king-size majestueux\"\/>\r\n                                            <div class=\"slide-e-content d-none d-md-block\">\r\n                                      <h1 class=\"title\">The Suites<\/h1>\r\n                                                        <h5 class=\"text-center white\">InterContinental Chantilly Ch\u00e2teau Mont Royal<\/h5>\r\n                                                    <\/div>\r\n                          <\/div>\r\n                      <div class=\"swiper-slide\">\r\n                              <span aria-hidden=\"true\" class=\"slide-e-background has-background-dim-30  has-background has-charcoal-grey-background-color\"><\/span>\r\n                                            <img decoding=\"async\" src=\"https:\/\/chantilly.intercontinental.com\/wp-content\/uploads\/sites\/8\/2024\/12\/InterContinental-Chantilly-35-Suite-4eme.jpg\"\r\n                sizes=\"(max-width: 2000px) 100vw, 2000px\"\r\n                srcset=\"https:\/\/chantilly.intercontinental.com\/wp-content\/uploads\/sites\/8\/2024\/12\/InterContinental-Chantilly-35-Suite-4eme.jpg 2000w,\r\n                        https:\/\/chantilly.intercontinental.com\/wp-content\/uploads\/sites\/8\/2024\/12\/InterContinental-Chantilly-35-Suite-4eme-1024x680.jpg 1024w,\r\n                        https:\/\/chantilly.intercontinental.com\/wp-content\/uploads\/sites\/8\/2024\/12\/InterContinental-Chantilly-35-Suite-4eme-768x510.jpg 768w\"\r\n                        alt=\"Suite baign\u00e9e de lumi\u00e8re naturelle avec vue panoramique\"\/>\r\n                                            <div class=\"slide-e-content d-none d-md-block\">\r\n                                      <h1 class=\"title\">The Suites<\/h1>\r\n                                                        <h5 class=\"text-center white\">InterContinental Chantilly Ch\u00e2teau Mont Royal<\/h5>\r\n                                                    <\/div>\r\n                          <\/div>\r\n                      <div class=\"swiper-slide\">\r\n                              <span aria-hidden=\"true\" class=\"slide-e-background has-background-dim-30  has-background has-charcoal-grey-background-color\"><\/span>\r\n                                            <img decoding=\"async\" src=\"https:\/\/chantilly.intercontinental.com\/wp-content\/uploads\/sites\/8\/2024\/12\/InterContinental-Chantilly-Chateau-Mont-Royal-Hebergement-7.jpg\"\r\n                sizes=\"(max-width: 2000px) 100vw, 2000px\"\r\n                srcset=\"https:\/\/chantilly.intercontinental.com\/wp-content\/uploads\/sites\/8\/2024\/12\/InterContinental-Chantilly-Chateau-Mont-Royal-Hebergement-7.jpg 2500w,\r\n                        https:\/\/chantilly.intercontinental.com\/wp-content\/uploads\/sites\/8\/2024\/12\/InterContinental-Chantilly-Chateau-Mont-Royal-Hebergement-7-1024x683.jpg 1024w,\r\n                        https:\/\/chantilly.intercontinental.com\/wp-content\/uploads\/sites\/8\/2024\/12\/InterContinental-Chantilly-Chateau-Mont-Royal-Hebergement-7-768x512.jpg 768w\"\r\n                        alt=\"Chambre lumineuse avec terrasse priv\u00e9e et transats, nich\u00e9e en pleine nature dans l\u2019Oise.\"\/>\r\n                                            <div class=\"slide-e-content d-none d-md-block\">\r\n                                      <h1 class=\"title\">The Suites<\/h1>\r\n                                                        <h5 class=\"text-center white\">InterContinental Chantilly Ch\u00e2teau Mont Royal<\/h5>\r\n                                                    <\/div>\r\n                          <\/div>\r\n                <\/div>\r\n                  <div class=\"swiper-pagination\">\r\n          <\/div>\r\n          <div class=\"swiper-button swiper-button-prev\">\r\n            <span class=\"arrowl\"><\/span>\r\n          <\/div>\r\n          <div class=\"swiper-button swiper-button-next\">\r\n          <span class=\"arrowr\"><\/span>\r\n          <\/div>\r\n            <\/div>\r\n  <\/div>\r\n  <!-- End Swiper hero -->\r\n\r\n \n\n\n<div class=\"wp-block-group row is-layout-constrained wp-block-group-is-layout-constrained\">\n<div class=\"wp-block-group pattern-address col-lg-12 has-light-grey-background-color has-background is-nowrap is-layout-flex wp-container-core-group-is-layout-fe492232 wp-block-group-is-layout-flex\" style=\"margin-bottom:var(--wp--preset--spacing--60)\">\n<div class=\"wp-block-group col-lg-8 offset-lg-2 is-vertical is-content-justification-center is-layout-flex wp-container-core-group-is-layout-f9a93ed8 wp-block-group-is-layout-flex\">\n<p class=\"has-text-align-center\" style=\"margin-top:0;margin-bottom:0\">InterContinental Chantilly Ch\u00e2teau Mont Royal &#8211; All\u00e9e des Marronniers, Route de Plailly, 60520 La Chapelle-en-Serval, FRANCE<\/p>\n\n\n\n<div class=\"wp-block-group wp-container-content-9cfa9a5a is-horizontal is-content-justification-space-between is-nowrap is-layout-flex wp-container-core-group-is-layout-2974850b wp-block-group-is-layout-flex\" style=\"margin-top:0;margin-bottom:0;padding-right:var(--wp--preset--spacing--60);padding-left:var(--wp--preset--spacing--60)\">\n<p class=\"has-charcoal-grey-color has-text-color has-small-font-size\"><a href=\"mailto:parcl.reservations@ihg.com\">Send an email<\/a><\/p>\n\n\n\n<p class=\"has-charcoal-grey-color has-text-color has-small-font-size\"><a href=\"tel:+33344545033\">Phone<\/a><\/p>\n<\/div>\n<\/div>\n\n\n\n<div class=\"wp-block-group col-lg-2 icons-social is-content-justification-right is-nowrap is-layout-flex wp-container-core-group-is-layout-17124a9a wp-block-group-is-layout-flex\">\n<figure class=\"wp-block-image size-full is-resized\"><a href=\"https:\/\/www.facebook.com\/Intercontinental.Chantilly.Mont.Royal\/\" target=\"_blank\" rel=\"noreferrer noopener\"><img decoding=\"async\" src=\"https:\/\/chantilly.intercontinental.com\/wp-content\/themes\/intercontinental\/assets\/images\/icons\/icon-facebook.svg\" alt=\"\" class=\"wp-image-2313\" style=\"object-fit:contain;width:25px;height:25px\"\/><\/a><\/figure>\n\n\n\n<figure class=\"wp-block-image size-full is-resized\"><a href=\"https:\/\/www.instagram.com\/intercontinental_chantilly\/\" target=\"_blank\" rel=\"noreferrer noopener\"><img decoding=\"async\" src=\"https:\/\/chantilly.intercontinental.com\/wp-content\/themes\/intercontinental\/assets\/images\/icons\/icon-instagram.svg\" alt=\"\" class=\"wp-image-2315\" style=\"object-fit:contain;width:25px;height:25px\"\/><\/a><\/figure>\n\n\n\n<figure class=\"wp-block-image size-full is-resized\"><a href=\"https:\/\/www.linkedin.com\/company\/ch-teau-h-tel-mont-royal-chantilly\/about\/\" target=\"_blank\" rel=\"noreferrer noopener\"><img decoding=\"async\" src=\"https:\/\/chantilly.intercontinental.com\/wp-content\/themes\/intercontinental\/assets\/images\/icons\/icon-linkedin.svg\" alt=\"\" class=\"wp-image-2319\" style=\"object-fit:contain;width:25px;height:25px\"\/><\/a><\/figure>\n\n\n\n<figure class=\"wp-block-image size-full is-resized\"><a href=\"https:\/\/www.tripadvisor.fr\/Hotel_Review-g1022304-d233237-Reviews-InterContinental_Chantilly_Chateau_Mont_Royal_an_IHG_Hotel-La_Chapelle_en_Serval_Chant.html\" target=\"_blank\" rel=\"noreferrer noopener\"><img decoding=\"async\" src=\"https:\/\/chantilly.intercontinental.com\/wp-content\/themes\/intercontinental\/assets\/images\/icons\/icon-tripadvisor.svg\" alt=\"\" class=\"wp-image-121\" style=\"object-fit:contain;width:25px;height:25px\"\/><\/a><\/figure>\n<\/div>\n<\/div>\n<\/div>\n\n\n\n<div class=\"wp-block-columns are-vertically-aligned-center is-layout-flex wp-container-core-columns-is-layout-28f84493 wp-block-columns-is-layout-flex\">\n<div class=\"wp-block-column is-vertically-aligned-center is-layout-flow wp-block-column-is-layout-flow\" style=\"flex-basis:33%\">\n<figure class=\"wp-block-image size-large\"><img loading=\"lazy\" decoding=\"async\" width=\"682\" height=\"1024\" src=\"https:\/\/chantilly.intercontinental.com\/wp-content\/uploads\/sites\/8\/2024\/12\/InterContinental-Chantilly-26-Suite-Royale-682x1024.jpg\" alt=\"\" class=\"wp-image-406\" style=\"aspect-ratio:1;object-fit:cover\" srcset=\"https:\/\/chantilly.intercontinental.com\/wp-content\/uploads\/sites\/8\/2024\/12\/InterContinental-Chantilly-26-Suite-Royale-682x1024.jpg 682w, https:\/\/chantilly.intercontinental.com\/wp-content\/uploads\/sites\/8\/2024\/12\/InterContinental-Chantilly-26-Suite-Royale-200x300.jpg 200w, https:\/\/chantilly.intercontinental.com\/wp-content\/uploads\/sites\/8\/2024\/12\/InterContinental-Chantilly-26-Suite-Royale-768x1153.jpg 768w, https:\/\/chantilly.intercontinental.com\/wp-content\/uploads\/sites\/8\/2024\/12\/InterContinental-Chantilly-26-Suite-Royale-1023x1536.jpg 1023w, https:\/\/chantilly.intercontinental.com\/wp-content\/uploads\/sites\/8\/2024\/12\/InterContinental-Chantilly-26-Suite-Royale.jpg 1332w\" sizes=\"auto, (max-width: 682px) 100vw, 682px\" \/><\/figure>\n<\/div>\n\n\n\n<div class=\"wp-block-column is-layout-flow wp-block-column-is-layout-flow\" style=\"flex-basis:5%\"><\/div>\n\n\n\n<div class=\"wp-block-column is-vertically-aligned-center is-layout-flow wp-block-column-is-layout-flow\">\n<h2 class=\"wp-block-heading\">The Suites<\/h2>\n\n\n\n<p>Designed to enhance the Ch\u00e2teau Mont Royal experience, the 18 suites at the InterContinental Chantilly open onto soothing views of the surrounding forest, a veritable haven of serenity. Their decor elegantly combines contemporary style with subtle references to the region&#8217;s equestrian heritage. Uncluttered lighting, noble materials and refined details reflect an art of living that magnifies the history and charm of the castle.<\/p>\n\n\n\n<h5 class=\"wp-block-heading\">The 18 Suites<\/h5>\n\n\n\n<ul class=\"wp-block-list\">\n<li>10 Junior Suites<\/li>\n\n\n\n<li>6 Suites<\/li>\n\n\n\n<li>Prince de Cond\u00e9 Suite<\/li>\n\n\n\n<li>Royal Suite<\/li>\n<\/ul>\n<\/div>\n\n\n\n<div class=\"wp-block-column is-layout-flow wp-block-column-is-layout-flow\" style=\"flex-basis:5%\"><\/div>\n<\/div>\n","protected":false},"excerpt":{"rendered":"<p>InterContinental Chantilly Ch\u00e2teau Mont Royal &#8211; All\u00e9e des Marronniers, Route de Plailly, 60520 La Chapelle-en-Serval, FRANCE Send an email Phone The Suites Designed to enhance the Ch\u00e2teau Mont Royal experience, the 18 suites at the InterContinental Chantilly open onto soothing [&hellip;]<\/p>\n","protected":false},"author":1,"featured_media":744,"parent":0,"menu_order":0,"comment_status":"closed","ping_status":"closed","template":"templates\/2-columns.php","meta":{"_acf_changed":false,"footnotes":""},"class_list":["post-863","page","type-page","status-publish","has-post-thumbnail","hentry"],"acf":[],"yoast_head":"<!-- This site is optimized with the Yoast SEO plugin v26.2 - https:\/\/yoast.com\/wordpress\/plugins\/seo\/ -->\n<title>The Suites - 5 Star Luxury Hotel - InterContinental Chantilly France<\/title>\n<meta name=\"description\" content=\"Discover our exceptional suites, from 34 to 99 m\u00b2, at the InterContinental Chantilly. Elegance, space and refinement for an unforgettable stay near Paris.\" \/>\n<meta name=\"robots\" content=\"index, follow, max-snippet:-1, max-image-preview:large, max-video-preview:-1\" \/>\n<link rel=\"canonical\" href=\"https:\/\/chantilly.intercontinental.com\/en\/the-suites\/\" \/>\n<meta property=\"og:locale\" content=\"en_US\" \/>\n<meta property=\"og:type\" content=\"article\" \/>\n<meta property=\"og:title\" content=\"The Suites - 5 Star Luxury Hotel - InterContinental Chantilly France\" \/>\n<meta property=\"og:description\" content=\"Discover our exceptional suites, from 34 to 99 m\u00b2, at the InterContinental Chantilly. Elegance, space and refinement for an unforgettable stay near Paris.\" \/>\n<meta property=\"og:url\" content=\"https:\/\/chantilly.intercontinental.com\/en\/the-suites\/\" \/>\n<meta property=\"og:site_name\" content=\"InterContinental Chantilly\" \/>\n<meta property=\"article:modified_time\" content=\"2025-03-13T13:23:17+00:00\" \/>\n<meta property=\"og:image\" content=\"https:\/\/chantilly.intercontinental.com\/wp-content\/uploads\/sites\/8\/2024\/12\/InterContinental-Chantilly-21-Suite-Royale.jpg\" \/>\n\t<meta property=\"og:image:width\" content=\"2000\" \/>\n\t<meta property=\"og:image:height\" content=\"1332\" \/>\n\t<meta property=\"og:image:type\" content=\"image\/jpeg\" \/>\n<meta name=\"twitter:card\" content=\"summary_large_image\" \/>\n<meta name=\"twitter:label1\" content=\"Est. reading time\" \/>\n\t<meta name=\"twitter:data1\" content=\"2 minutes\" \/>\n<script type=\"application\/ld+json\" class=\"yoast-schema-graph\">{\"@context\":\"https:\/\/schema.org\",\"@graph\":[{\"@type\":\"WebPage\",\"@id\":\"https:\/\/chantilly.intercontinental.com\/en\/the-suites\/\",\"url\":\"https:\/\/chantilly.intercontinental.com\/en\/the-suites\/\",\"name\":\"The Suites - 5 Star Luxury Hotel - InterContinental Chantilly France\",\"isPartOf\":{\"@id\":\"https:\/\/chantilly.intercontinental.com\/en\/#website\"},\"primaryImageOfPage\":{\"@id\":\"https:\/\/chantilly.intercontinental.com\/en\/the-suites\/#primaryimage\"},\"image\":{\"@id\":\"https:\/\/chantilly.intercontinental.com\/en\/the-suites\/#primaryimage\"},\"thumbnailUrl\":\"https:\/\/chantilly.intercontinental.com\/wp-content\/uploads\/sites\/8\/2024\/12\/InterContinental-Chantilly-21-Suite-Royale.jpg\",\"datePublished\":\"2024-11-29T10:19:14+00:00\",\"dateModified\":\"2025-03-13T13:23:17+00:00\",\"description\":\"Discover our exceptional suites, from 34 to 99 m\u00b2, at the InterContinental Chantilly. Elegance, space and refinement for an unforgettable stay near Paris.\",\"breadcrumb\":{\"@id\":\"https:\/\/chantilly.intercontinental.com\/en\/the-suites\/#breadcrumb\"},\"inLanguage\":\"en-US\",\"potentialAction\":[{\"@type\":\"ReadAction\",\"target\":[\"https:\/\/chantilly.intercontinental.com\/en\/the-suites\/\"]}]},{\"@type\":\"ImageObject\",\"inLanguage\":\"en-US\",\"@id\":\"https:\/\/chantilly.intercontinental.com\/en\/the-suites\/#primaryimage\",\"url\":\"https:\/\/chantilly.intercontinental.com\/wp-content\/uploads\/sites\/8\/2024\/12\/InterContinental-Chantilly-21-Suite-Royale.jpg\",\"contentUrl\":\"https:\/\/chantilly.intercontinental.com\/wp-content\/uploads\/sites\/8\/2024\/12\/InterContinental-Chantilly-21-Suite-Royale.jpg\",\"width\":2000,\"height\":1332,\"caption\":\"Suite Royale de 99 m\u00b2 alliant \u00e9l\u00e9gance Belle \u00c9poque et confort moderne\"},{\"@type\":\"BreadcrumbList\",\"@id\":\"https:\/\/chantilly.intercontinental.com\/en\/the-suites\/#breadcrumb\",\"itemListElement\":[{\"@type\":\"ListItem\",\"position\":1,\"name\":\"Accueil\",\"item\":\"https:\/\/chantilly.intercontinental.com\/en\/\"},{\"@type\":\"ListItem\",\"position\":2,\"name\":\"The Suites\"}]},{\"@type\":\"WebSite\",\"@id\":\"https:\/\/chantilly.intercontinental.com\/en\/#website\",\"url\":\"https:\/\/chantilly.intercontinental.com\/en\/\",\"name\":\"InterContinental Chantilly Ch\u00e2teau Mont Royal\",\"description\":\"Live the InterContinental Life\",\"publisher\":{\"@id\":\"https:\/\/chantilly.intercontinental.com\/en\/#organization\"},\"alternateName\":\"InterContinental Chantilly\",\"potentialAction\":[{\"@type\":\"SearchAction\",\"target\":{\"@type\":\"EntryPoint\",\"urlTemplate\":\"https:\/\/chantilly.intercontinental.com\/en\/?s={search_term_string}\"},\"query-input\":{\"@type\":\"PropertyValueSpecification\",\"valueRequired\":true,\"valueName\":\"search_term_string\"}}],\"inLanguage\":\"en-US\"},{\"@type\":\"Organization\",\"@id\":\"https:\/\/chantilly.intercontinental.com\/en\/#organization\",\"name\":\"InterContinental Chantilly Ch\u00e2teau Mont Royal\",\"alternateName\":\"InterContinental Chantilly\",\"url\":\"https:\/\/chantilly.intercontinental.com\/en\/\",\"logo\":{\"@type\":\"ImageObject\",\"inLanguage\":\"en-US\",\"@id\":\"https:\/\/chantilly.intercontinental.com\/en\/#\/schema\/logo\/image\/\",\"url\":\"https:\/\/chantilly.intercontinental.com\/wp-content\/uploads\/sites\/8\/2024\/11\/intercontinental-chantilly-chateau-mont-royal-logo-ihg.svg\",\"contentUrl\":\"https:\/\/chantilly.intercontinental.com\/wp-content\/uploads\/sites\/8\/2024\/11\/intercontinental-chantilly-chateau-mont-royal-logo-ihg.svg\",\"caption\":\"InterContinental Chantilly Ch\u00e2teau Mont Royal\"},\"image\":{\"@id\":\"https:\/\/chantilly.intercontinental.com\/en\/#\/schema\/logo\/image\/\"}}]}<\/script>\n<!-- \/ Yoast SEO plugin. -->","yoast_head_json":{"title":"The Suites - 5 Star Luxury Hotel - InterContinental Chantilly France","description":"Discover our exceptional suites, from 34 to 99 m\u00b2, at the InterContinental Chantilly. Elegance, space and refinement for an unforgettable stay near Paris.","robots":{"index":"index","follow":"follow","max-snippet":"max-snippet:-1","max-image-preview":"max-image-preview:large","max-video-preview":"max-video-preview:-1"},"canonical":"https:\/\/chantilly.intercontinental.com\/en\/the-suites\/","og_locale":"en_US","og_type":"article","og_title":"The Suites - 5 Star Luxury Hotel - InterContinental Chantilly France","og_description":"Discover our exceptional suites, from 34 to 99 m\u00b2, at the InterContinental Chantilly. Elegance, space and refinement for an unforgettable stay near Paris.","og_url":"https:\/\/chantilly.intercontinental.com\/en\/the-suites\/","og_site_name":"InterContinental Chantilly","article_modified_time":"2025-03-13T13:23:17+00:00","og_image":[{"width":2000,"height":1332,"url":"https:\/\/chantilly.intercontinental.com\/wp-content\/uploads\/sites\/8\/2024\/12\/InterContinental-Chantilly-21-Suite-Royale.jpg","type":"image\/jpeg"}],"twitter_card":"summary_large_image","twitter_misc":{"Est. reading time":"2 minutes"},"schema":{"@context":"https:\/\/schema.org","@graph":[{"@type":"WebPage","@id":"https:\/\/chantilly.intercontinental.com\/en\/the-suites\/","url":"https:\/\/chantilly.intercontinental.com\/en\/the-suites\/","name":"The Suites - 5 Star Luxury Hotel - InterContinental Chantilly France","isPartOf":{"@id":"https:\/\/chantilly.intercontinental.com\/en\/#website"},"primaryImageOfPage":{"@id":"https:\/\/chantilly.intercontinental.com\/en\/the-suites\/#primaryimage"},"image":{"@id":"https:\/\/chantilly.intercontinental.com\/en\/the-suites\/#primaryimage"},"thumbnailUrl":"https:\/\/chantilly.intercontinental.com\/wp-content\/uploads\/sites\/8\/2024\/12\/InterContinental-Chantilly-21-Suite-Royale.jpg","datePublished":"2024-11-29T10:19:14+00:00","dateModified":"2025-03-13T13:23:17+00:00","description":"Discover our exceptional suites, from 34 to 99 m\u00b2, at the InterContinental Chantilly. Elegance, space and refinement for an unforgettable stay near Paris.","breadcrumb":{"@id":"https:\/\/chantilly.intercontinental.com\/en\/the-suites\/#breadcrumb"},"inLanguage":"en-US","potentialAction":[{"@type":"ReadAction","target":["https:\/\/chantilly.intercontinental.com\/en\/the-suites\/"]}]},{"@type":"ImageObject","inLanguage":"en-US","@id":"https:\/\/chantilly.intercontinental.com\/en\/the-suites\/#primaryimage","url":"https:\/\/chantilly.intercontinental.com\/wp-content\/uploads\/sites\/8\/2024\/12\/InterContinental-Chantilly-21-Suite-Royale.jpg","contentUrl":"https:\/\/chantilly.intercontinental.com\/wp-content\/uploads\/sites\/8\/2024\/12\/InterContinental-Chantilly-21-Suite-Royale.jpg","width":2000,"height":1332,"caption":"Suite Royale de 99 m\u00b2 alliant \u00e9l\u00e9gance Belle \u00c9poque et confort moderne"},{"@type":"BreadcrumbList","@id":"https:\/\/chantilly.intercontinental.com\/en\/the-suites\/#breadcrumb","itemListElement":[{"@type":"ListItem","position":1,"name":"Accueil","item":"https:\/\/chantilly.intercontinental.com\/en\/"},{"@type":"ListItem","position":2,"name":"The Suites"}]},{"@type":"WebSite","@id":"https:\/\/chantilly.intercontinental.com\/en\/#website","url":"https:\/\/chantilly.intercontinental.com\/en\/","name":"InterContinental Chantilly Ch\u00e2teau Mont Royal","description":"Live the InterContinental Life","publisher":{"@id":"https:\/\/chantilly.intercontinental.com\/en\/#organization"},"alternateName":"InterContinental Chantilly","potentialAction":[{"@type":"SearchAction","target":{"@type":"EntryPoint","urlTemplate":"https:\/\/chantilly.intercontinental.com\/en\/?s={search_term_string}"},"query-input":{"@type":"PropertyValueSpecification","valueRequired":true,"valueName":"search_term_string"}}],"inLanguage":"en-US"},{"@type":"Organization","@id":"https:\/\/chantilly.intercontinental.com\/en\/#organization","name":"InterContinental Chantilly Ch\u00e2teau Mont Royal","alternateName":"InterContinental Chantilly","url":"https:\/\/chantilly.intercontinental.com\/en\/","logo":{"@type":"ImageObject","inLanguage":"en-US","@id":"https:\/\/chantilly.intercontinental.com\/en\/#\/schema\/logo\/image\/","url":"https:\/\/chantilly.intercontinental.com\/wp-content\/uploads\/sites\/8\/2024\/11\/intercontinental-chantilly-chateau-mont-royal-logo-ihg.svg","contentUrl":"https:\/\/chantilly.intercontinental.com\/wp-content\/uploads\/sites\/8\/2024\/11\/intercontinental-chantilly-chateau-mont-royal-logo-ihg.svg","caption":"InterContinental Chantilly Ch\u00e2teau Mont Royal"},"image":{"@id":"https:\/\/chantilly.intercontinental.com\/en\/#\/schema\/logo\/image\/"}}]}},"_links":{"self":[{"href":"https:\/\/chantilly.intercontinental.com\/en\/wp-json\/wp\/v2\/pages\/863","targetHints":{"allow":["GET"]}}],"collection":[{"href":"https:\/\/chantilly.intercontinental.com\/en\/wp-json\/wp\/v2\/pages"}],"about":[{"href":"https:\/\/chantilly.intercontinental.com\/en\/wp-json\/wp\/v2\/types\/page"}],"author":[{"embeddable":true,"href":"https:\/\/chantilly.intercontinental.com\/en\/wp-json\/wp\/v2\/users\/1"}],"replies":[{"embeddable":true,"href":"https:\/\/chantilly.intercontinental.com\/en\/wp-json\/wp\/v2\/comments?post=863"}],"version-history":[{"count":2,"href":"https:\/\/chantilly.intercontinental.com\/en\/wp-json\/wp\/v2\/pages\/863\/revisions"}],"predecessor-version":[{"id":2264,"href":"https:\/\/chantilly.intercontinental.com\/en\/wp-json\/wp\/v2\/pages\/863\/revisions\/2264"}],"wp:featuredmedia":[{"embeddable":true,"href":"https:\/\/chantilly.intercontinental.com\/en\/wp-json\/wp\/v2\/media\/744"}],"wp:attachment":[{"href":"https:\/\/chantilly.intercontinental.com\/en\/wp-json\/wp\/v2\/media?parent=863"}],"curies":[{"name":"wp","href":"https:\/\/api.w.org\/{rel}","templated":true}]}}