{"id":931,"date":"2024-11-29T11:15:16","date_gmt":"2024-11-29T10:15:16","guid":{"rendered":"https:\/\/chantilly.intercontinental.com\/?page_id=931"},"modified":"2024-12-17T14:39:54","modified_gmt":"2024-12-17T13:39:54","slug":"booking","status":"publish","type":"page","link":"https:\/\/chantilly.intercontinental.com\/en\/booking\/","title":{"rendered":"Booking"},"content":{"rendered":"\r\n\r\n\r\n\r\n  <!-- Swiper hero -->\r\n  <div id=\"slideshow-block_0fb4f3a7a1db2204e1515734ee894ebf\" class=\"row \">  \r\n    <div class=\"swiper d-swiper-container hero\" data-swiper={\"navigation\":{\"enabled\":false}}>\r\n      <div class=\"swiper-wrapper\">\r\n                    <div class=\"swiper-slide\">\r\n                              <span aria-hidden=\"true\" class=\"slide-e-background has-background-dim-30  has-background has-charcoal-grey-background-color\"><\/span>\r\n                                            <img decoding=\"async\" src=\"https:\/\/chantilly.intercontinental.com\/wp-content\/uploads\/sites\/8\/2024\/12\/InterContinental-Chantilly-Header-2.jpg\"\r\n                sizes=\"(max-width: 2000px) 100vw, 2000px\"\r\n                srcset=\"https:\/\/chantilly.intercontinental.com\/wp-content\/uploads\/sites\/8\/2024\/12\/InterContinental-Chantilly-Header-2.jpg 2500w,\r\n                        https:\/\/chantilly.intercontinental.com\/wp-content\/uploads\/sites\/8\/2024\/12\/InterContinental-Chantilly-Header-2-1024x683.jpg 1024w,\r\n                        https:\/\/chantilly.intercontinental.com\/wp-content\/uploads\/sites\/8\/2024\/12\/InterContinental-Chantilly-Header-2-768x512.jpg 768w\"\r\n                        alt=\"Ch\u00e2teau Mont Royal Chantilly, h\u00f4tel de luxe 5 \u00e9toiles au cadre d&#039;exception proche de Paris.\">\r\n                                            <div class=\"slide-e-content d-none d-md-block\">\r\n                                      <h1 class=\"title\">Booking<\/h1>\r\n                                                                      <\/div>\r\n                          <\/div>\r\n                <\/div>\r\n            <\/div>\r\n  <\/div>\r\n  <!-- End Swiper hero -->\r\n\r\n ","protected":false},"excerpt":{"rendered":"","protected":false},"author":1,"featured_media":0,"parent":0,"menu_order":0,"comment_status":"closed","ping_status":"closed","template":"templates\/booking.php","meta":{"_acf_changed":false,"footnotes":""},"class_list":["post-931","page","type-page","status-publish","hentry"],"acf":[],"yoast_head":"<!-- This site is optimized with the Yoast SEO plugin v26.2 - https:\/\/yoast.com\/wordpress\/plugins\/seo\/ -->\n<title>Booking - InterContinental Chantilly<\/title>\n<meta name=\"robots\" content=\"index, follow, max-snippet:-1, max-image-preview:large, max-video-preview:-1\" \/>\n<link rel=\"canonical\" href=\"https:\/\/chantilly.intercontinental.com\/en\/booking\/\" \/>\n<meta property=\"og:locale\" content=\"en_US\" \/>\n<meta property=\"og:type\" content=\"article\" \/>\n<meta property=\"og:title\" content=\"Booking - InterContinental Chantilly\" \/>\n<meta property=\"og:url\" content=\"https:\/\/chantilly.intercontinental.com\/en\/booking\/\" \/>\n<meta property=\"og:site_name\" content=\"InterContinental Chantilly\" \/>\n<meta property=\"article:modified_time\" content=\"2024-12-17T13:39:54+00:00\" \/>\n<meta property=\"og:image\" content=\"https:\/\/chantilly.intercontinental.com\/wp-content\/uploads\/sites\/8\/2024\/12\/intercontinental-chantilly-chateau-mont-royal-logo-ihg-1200x675-1.jpg\" \/>\n\t<meta property=\"og:image:width\" content=\"1200\" \/>\n\t<meta property=\"og:image:height\" content=\"675\" \/>\n\t<meta property=\"og:image:type\" content=\"image\/jpeg\" \/>\n<meta name=\"twitter:card\" content=\"summary_large_image\" \/>\n<script type=\"application\/ld+json\" class=\"yoast-schema-graph\">{\"@context\":\"https:\/\/schema.org\",\"@graph\":[{\"@type\":\"WebPage\",\"@id\":\"https:\/\/chantilly.intercontinental.com\/en\/booking\/\",\"url\":\"https:\/\/chantilly.intercontinental.com\/en\/booking\/\",\"name\":\"Booking - InterContinental Chantilly\",\"isPartOf\":{\"@id\":\"https:\/\/chantilly.intercontinental.com\/en\/#website\"},\"datePublished\":\"2024-11-29T10:15:16+00:00\",\"dateModified\":\"2024-12-17T13:39:54+00:00\",\"breadcrumb\":{\"@id\":\"https:\/\/chantilly.intercontinental.com\/en\/booking\/#breadcrumb\"},\"inLanguage\":\"en-US\",\"potentialAction\":[{\"@type\":\"ReadAction\",\"target\":[\"https:\/\/chantilly.intercontinental.com\/en\/booking\/\"]}]},{\"@type\":\"BreadcrumbList\",\"@id\":\"https:\/\/chantilly.intercontinental.com\/en\/booking\/#breadcrumb\",\"itemListElement\":[{\"@type\":\"ListItem\",\"position\":1,\"name\":\"Accueil\",\"item\":\"https:\/\/chantilly.intercontinental.com\/en\/\"},{\"@type\":\"ListItem\",\"position\":2,\"name\":\"Booking\"}]},{\"@type\":\"WebSite\",\"@id\":\"https:\/\/chantilly.intercontinental.com\/en\/#website\",\"url\":\"https:\/\/chantilly.intercontinental.com\/en\/\",\"name\":\"InterContinental Chantilly Ch\u00e2teau Mont Royal\",\"description\":\"Live the InterContinental Life\",\"publisher\":{\"@id\":\"https:\/\/chantilly.intercontinental.com\/en\/#organization\"},\"alternateName\":\"InterContinental Chantilly\",\"potentialAction\":[{\"@type\":\"SearchAction\",\"target\":{\"@type\":\"EntryPoint\",\"urlTemplate\":\"https:\/\/chantilly.intercontinental.com\/en\/?s={search_term_string}\"},\"query-input\":{\"@type\":\"PropertyValueSpecification\",\"valueRequired\":true,\"valueName\":\"search_term_string\"}}],\"inLanguage\":\"en-US\"},{\"@type\":\"Organization\",\"@id\":\"https:\/\/chantilly.intercontinental.com\/en\/#organization\",\"name\":\"InterContinental Chantilly Ch\u00e2teau Mont Royal\",\"alternateName\":\"InterContinental Chantilly\",\"url\":\"https:\/\/chantilly.intercontinental.com\/en\/\",\"logo\":{\"@type\":\"ImageObject\",\"inLanguage\":\"en-US\",\"@id\":\"https:\/\/chantilly.intercontinental.com\/en\/#\/schema\/logo\/image\/\",\"url\":\"https:\/\/chantilly.intercontinental.com\/wp-content\/uploads\/sites\/8\/2024\/11\/intercontinental-chantilly-chateau-mont-royal-logo-ihg.svg\",\"contentUrl\":\"https:\/\/chantilly.intercontinental.com\/wp-content\/uploads\/sites\/8\/2024\/11\/intercontinental-chantilly-chateau-mont-royal-logo-ihg.svg\",\"caption\":\"InterContinental Chantilly Ch\u00e2teau Mont Royal\"},\"image\":{\"@id\":\"https:\/\/chantilly.intercontinental.com\/en\/#\/schema\/logo\/image\/\"}}]}<\/script>\n<!-- \/ Yoast SEO plugin. -->","yoast_head_json":{"title":"Booking - InterContinental Chantilly","robots":{"index":"index","follow":"follow","max-snippet":"max-snippet:-1","max-image-preview":"max-image-preview:large","max-video-preview":"max-video-preview:-1"},"canonical":"https:\/\/chantilly.intercontinental.com\/en\/booking\/","og_locale":"en_US","og_type":"article","og_title":"Booking - InterContinental Chantilly","og_url":"https:\/\/chantilly.intercontinental.com\/en\/booking\/","og_site_name":"InterContinental Chantilly","article_modified_time":"2024-12-17T13:39:54+00:00","og_image":[{"width":1200,"height":675,"url":"https:\/\/chantilly.intercontinental.com\/wp-content\/uploads\/sites\/8\/2024\/12\/intercontinental-chantilly-chateau-mont-royal-logo-ihg-1200x675-1.jpg","type":"image\/jpeg"}],"twitter_card":"summary_large_image","schema":{"@context":"https:\/\/schema.org","@graph":[{"@type":"WebPage","@id":"https:\/\/chantilly.intercontinental.com\/en\/booking\/","url":"https:\/\/chantilly.intercontinental.com\/en\/booking\/","name":"Booking - InterContinental Chantilly","isPartOf":{"@id":"https:\/\/chantilly.intercontinental.com\/en\/#website"},"datePublished":"2024-11-29T10:15:16+00:00","dateModified":"2024-12-17T13:39:54+00:00","breadcrumb":{"@id":"https:\/\/chantilly.intercontinental.com\/en\/booking\/#breadcrumb"},"inLanguage":"en-US","potentialAction":[{"@type":"ReadAction","target":["https:\/\/chantilly.intercontinental.com\/en\/booking\/"]}]},{"@type":"BreadcrumbList","@id":"https:\/\/chantilly.intercontinental.com\/en\/booking\/#breadcrumb","itemListElement":[{"@type":"ListItem","position":1,"name":"Accueil","item":"https:\/\/chantilly.intercontinental.com\/en\/"},{"@type":"ListItem","position":2,"name":"Booking"}]},{"@type":"WebSite","@id":"https:\/\/chantilly.intercontinental.com\/en\/#website","url":"https:\/\/chantilly.intercontinental.com\/en\/","name":"InterContinental Chantilly Ch\u00e2teau Mont Royal","description":"Live the InterContinental Life","publisher":{"@id":"https:\/\/chantilly.intercontinental.com\/en\/#organization"},"alternateName":"InterContinental Chantilly","potentialAction":[{"@type":"SearchAction","target":{"@type":"EntryPoint","urlTemplate":"https:\/\/chantilly.intercontinental.com\/en\/?s={search_term_string}"},"query-input":{"@type":"PropertyValueSpecification","valueRequired":true,"valueName":"search_term_string"}}],"inLanguage":"en-US"},{"@type":"Organization","@id":"https:\/\/chantilly.intercontinental.com\/en\/#organization","name":"InterContinental Chantilly Ch\u00e2teau Mont Royal","alternateName":"InterContinental Chantilly","url":"https:\/\/chantilly.intercontinental.com\/en\/","logo":{"@type":"ImageObject","inLanguage":"en-US","@id":"https:\/\/chantilly.intercontinental.com\/en\/#\/schema\/logo\/image\/","url":"https:\/\/chantilly.intercontinental.com\/wp-content\/uploads\/sites\/8\/2024\/11\/intercontinental-chantilly-chateau-mont-royal-logo-ihg.svg","contentUrl":"https:\/\/chantilly.intercontinental.com\/wp-content\/uploads\/sites\/8\/2024\/11\/intercontinental-chantilly-chateau-mont-royal-logo-ihg.svg","caption":"InterContinental Chantilly Ch\u00e2teau Mont Royal"},"image":{"@id":"https:\/\/chantilly.intercontinental.com\/en\/#\/schema\/logo\/image\/"}}]}},"_links":{"self":[{"href":"https:\/\/chantilly.intercontinental.com\/en\/wp-json\/wp\/v2\/pages\/931","targetHints":{"allow":["GET"]}}],"collection":[{"href":"https:\/\/chantilly.intercontinental.com\/en\/wp-json\/wp\/v2\/pages"}],"about":[{"href":"https:\/\/chantilly.intercontinental.com\/en\/wp-json\/wp\/v2\/types\/page"}],"author":[{"embeddable":true,"href":"https:\/\/chantilly.intercontinental.com\/en\/wp-json\/wp\/v2\/users\/1"}],"replies":[{"embeddable":true,"href":"https:\/\/chantilly.intercontinental.com\/en\/wp-json\/wp\/v2\/comments?post=931"}],"version-history":[{"count":2,"href":"https:\/\/chantilly.intercontinental.com\/en\/wp-json\/wp\/v2\/pages\/931\/revisions"}],"predecessor-version":[{"id":934,"href":"https:\/\/chantilly.intercontinental.com\/en\/wp-json\/wp\/v2\/pages\/931\/revisions\/934"}],"wp:attachment":[{"href":"https:\/\/chantilly.intercontinental.com\/en\/wp-json\/wp\/v2\/media?parent=931"}],"curies":[{"name":"wp","href":"https:\/\/api.w.org\/{rel}","templated":true}]}}